{"id":310,"date":"2025-08-10T22:14:17","date_gmt":"2025-08-10T20:14:17","guid":{"rendered":"https:\/\/zen-it.hu\/?page_id=310"},"modified":"2025-08-10T22:16:00","modified_gmt":"2025-08-10T20:16:00","slug":"altalanos-szerzodesi-feltetelek","status":"publish","type":"page","link":"https:\/\/zen-it.hu\/en\/altalanos-szerzodesi-feltetelek\/","title":{"rendered":"\u00c1ltal\u00e1nos Szerz\u0151d\u00e9si Felt\u00e9telek"},"content":{"rendered":"<div data-elementor-type=\"wp-page\" data-elementor-id=\"310\" class=\"elementor elementor-310\">\n\t\t\t\t<div class=\"elementor-element elementor-element-6399041 e-flex e-con-boxed e-con e-parent\" data-id=\"6399041\" data-element_type=\"container\">\n\t\t\t\t\t<div class=\"e-con-inner\">\n\t\t\t\t<div class=\"elementor-element elementor-element-ea00d05 elementor-widget elementor-widget-text-editor\" data-id=\"ea00d05\" data-element_type=\"widget\" data-widget_type=\"text-editor.default\">\n\t\t\t\t<div class=\"elementor-widget-container\">\n\t\t\t\t\t\t\t\t\t<p>Aktu\u00e1lis \u00c1SZF-\u00fcnk <span style=\"text-decoration: underline;\"><a href=\"https:\/\/zen-it.hu\/wp-content\/uploads\/2025\/08\/ZEN_IT_ASZF_2023_11_30.pdf\">ide kattintva<\/a><\/span> \u00e9rhet\u0151 el.<\/p>\t\t\t\t\t\t\t\t<\/div>\n\t\t\t\t<\/div>\n\t\t\t\t\t<\/div>\n\t\t\t\t<\/div>\n\t\t\t\t<\/div>","protected":false},"excerpt":{"rendered":"<p>Aktu\u00e1lis \u00c1SZF-\u00fcnk ide kattintva \u00e9rhet\u0151 el.<\/p>","protected":false},"author":1,"featured_media":0,"parent":0,"menu_order":0,"comment_status":"closed","ping_status":"closed","template":"","meta":{"footnotes":""},"class_list":["post-310","page","type-page","status-publish","hentry"],"yoast_head":"<!-- This site is optimized with the Yoast SEO plugin v25.6 - https:\/\/yoast.com\/wordpress\/plugins\/seo\/ -->\n<title>\u00c1ltal\u00e1nos Szerz\u0151d\u00e9si Felt\u00e9telek - ZEN-IT<\/title>\n<meta name=\"robots\" content=\"index, follow, max-snippet:-1, max-image-preview:large, max-video-preview:-1\" \/>\n<link rel=\"canonical\" href=\"https:\/\/dev.zen-it.hu\/altalanos-szerzodesi-feltetelek\/\" \/>\n<meta property=\"og:locale\" content=\"en_US\" \/>\n<meta property=\"og:type\" content=\"article\" \/>\n<meta property=\"og:title\" content=\"\u00c1ltal\u00e1nos Szerz\u0151d\u00e9si Felt\u00e9telek - ZEN-IT\" \/>\n<meta property=\"og:description\" content=\"Aktu\u00e1lis \u00c1SZF-\u00fcnk ide kattintva \u00e9rhet\u0151 el.\" \/>\n<meta property=\"og:url\" content=\"https:\/\/dev.zen-it.hu\/altalanos-szerzodesi-feltetelek\/\" \/>\n<meta property=\"og:site_name\" content=\"ZEN-IT\" \/>\n<meta property=\"article:modified_time\" content=\"2025-08-10T20:16:00+00:00\" \/>\n<meta name=\"twitter:card\" content=\"summary_large_image\" \/>\n<script type=\"application\/ld+json\" class=\"yoast-schema-graph\">{\"@context\":\"https:\/\/schema.org\",\"@graph\":[{\"@type\":\"WebPage\",\"@id\":\"https:\/\/dev.zen-it.hu\/altalanos-szerzodesi-feltetelek\/\",\"url\":\"https:\/\/dev.zen-it.hu\/altalanos-szerzodesi-feltetelek\/\",\"name\":\"\u00c1ltal\u00e1nos Szerz\u0151d\u00e9si Felt\u00e9telek - ZEN-IT\",\"isPartOf\":{\"@id\":\"https:\/\/dev.zen-it.hu\/#website\"},\"datePublished\":\"2025-08-10T20:14:17+00:00\",\"dateModified\":\"2025-08-10T20:16:00+00:00\",\"breadcrumb\":{\"@id\":\"https:\/\/dev.zen-it.hu\/altalanos-szerzodesi-feltetelek\/#breadcrumb\"},\"inLanguage\":\"en-US\",\"potentialAction\":[{\"@type\":\"ReadAction\",\"target\":[\"https:\/\/dev.zen-it.hu\/altalanos-szerzodesi-feltetelek\/\"]}]},{\"@type\":\"BreadcrumbList\",\"@id\":\"https:\/\/dev.zen-it.hu\/altalanos-szerzodesi-feltetelek\/#breadcrumb\",\"itemListElement\":[{\"@type\":\"ListItem\",\"position\":1,\"name\":\"Home\",\"item\":\"https:\/\/zen-it.hu\/\"},{\"@type\":\"ListItem\",\"position\":2,\"name\":\"\u00c1ltal\u00e1nos Szerz\u0151d\u00e9si Felt\u00e9telek\"}]},{\"@type\":\"WebSite\",\"@id\":\"https:\/\/dev.zen-it.hu\/#website\",\"url\":\"https:\/\/dev.zen-it.hu\/\",\"name\":\"ZEN-IT\",\"description\":\"B\u00edzza r\u00e1nk az informatik\u00e1t!\",\"publisher\":{\"@id\":\"https:\/\/dev.zen-it.hu\/#organization\"},\"potentialAction\":[{\"@type\":\"SearchAction\",\"target\":{\"@type\":\"EntryPoint\",\"urlTemplate\":\"https:\/\/dev.zen-it.hu\/?s={search_term_string}\"},\"query-input\":{\"@type\":\"PropertyValueSpecification\",\"valueRequired\":true,\"valueName\":\"search_term_string\"}}],\"inLanguage\":\"en-US\"},{\"@type\":\"Organization\",\"@id\":\"https:\/\/dev.zen-it.hu\/#organization\",\"name\":\"ZEN-IT\",\"url\":\"https:\/\/dev.zen-it.hu\/\",\"logo\":{\"@type\":\"ImageObject\",\"inLanguage\":\"en-US\",\"@id\":\"https:\/\/dev.zen-it.hu\/#\/schema\/logo\/image\/\",\"url\":\"https:\/\/zen-it.hu\/wp-content\/uploads\/2025\/05\/ZENinformatika-logo-website.png\",\"contentUrl\":\"https:\/\/zen-it.hu\/wp-content\/uploads\/2025\/05\/ZENinformatika-logo-website.png\",\"width\":1560,\"height\":296,\"caption\":\"ZEN-IT\"},\"image\":{\"@id\":\"https:\/\/dev.zen-it.hu\/#\/schema\/logo\/image\/\"}}]}<\/script>\n<!-- \/ Yoast SEO plugin. -->","yoast_head_json":{"title":"\u00c1ltal\u00e1nos Szerz\u0151d\u00e9si Felt\u00e9telek - ZEN-IT","robots":{"index":"index","follow":"follow","max-snippet":"max-snippet:-1","max-image-preview":"max-image-preview:large","max-video-preview":"max-video-preview:-1"},"canonical":"https:\/\/dev.zen-it.hu\/altalanos-szerzodesi-feltetelek\/","og_locale":"en_US","og_type":"article","og_title":"\u00c1ltal\u00e1nos Szerz\u0151d\u00e9si Felt\u00e9telek - ZEN-IT","og_description":"Aktu\u00e1lis \u00c1SZF-\u00fcnk ide kattintva \u00e9rhet\u0151 el.","og_url":"https:\/\/dev.zen-it.hu\/altalanos-szerzodesi-feltetelek\/","og_site_name":"ZEN-IT","article_modified_time":"2025-08-10T20:16:00+00:00","twitter_card":"summary_large_image","schema":{"@context":"https:\/\/schema.org","@graph":[{"@type":"WebPage","@id":"https:\/\/dev.zen-it.hu\/altalanos-szerzodesi-feltetelek\/","url":"https:\/\/dev.zen-it.hu\/altalanos-szerzodesi-feltetelek\/","name":"\u00c1ltal\u00e1nos Szerz\u0151d\u00e9si Felt\u00e9telek - ZEN-IT","isPartOf":{"@id":"https:\/\/dev.zen-it.hu\/#website"},"datePublished":"2025-08-10T20:14:17+00:00","dateModified":"2025-08-10T20:16:00+00:00","breadcrumb":{"@id":"https:\/\/dev.zen-it.hu\/altalanos-szerzodesi-feltetelek\/#breadcrumb"},"inLanguage":"en-US","potentialAction":[{"@type":"ReadAction","target":["https:\/\/dev.zen-it.hu\/altalanos-szerzodesi-feltetelek\/"]}]},{"@type":"BreadcrumbList","@id":"https:\/\/dev.zen-it.hu\/altalanos-szerzodesi-feltetelek\/#breadcrumb","itemListElement":[{"@type":"ListItem","position":1,"name":"Home","item":"https:\/\/zen-it.hu\/"},{"@type":"ListItem","position":2,"name":"\u00c1ltal\u00e1nos Szerz\u0151d\u00e9si Felt\u00e9telek"}]},{"@type":"WebSite","@id":"https:\/\/dev.zen-it.hu\/#website","url":"https:\/\/dev.zen-it.hu\/","name":"ZEN-IT","description":"B\u00edzza r\u00e1nk az informatik\u00e1t!","publisher":{"@id":"https:\/\/dev.zen-it.hu\/#organization"},"potentialAction":[{"@type":"SearchAction","target":{"@type":"EntryPoint","urlTemplate":"https:\/\/dev.zen-it.hu\/?s={search_term_string}"},"query-input":{"@type":"PropertyValueSpecification","valueRequired":true,"valueName":"search_term_string"}}],"inLanguage":"en-US"},{"@type":"Organization","@id":"https:\/\/dev.zen-it.hu\/#organization","name":"ZEN-IT","url":"https:\/\/dev.zen-it.hu\/","logo":{"@type":"ImageObject","inLanguage":"en-US","@id":"https:\/\/dev.zen-it.hu\/#\/schema\/logo\/image\/","url":"https:\/\/zen-it.hu\/wp-content\/uploads\/2025\/05\/ZENinformatika-logo-website.png","contentUrl":"https:\/\/zen-it.hu\/wp-content\/uploads\/2025\/05\/ZENinformatika-logo-website.png","width":1560,"height":296,"caption":"ZEN-IT"},"image":{"@id":"https:\/\/dev.zen-it.hu\/#\/schema\/logo\/image\/"}}]}},"_links":{"self":[{"href":"https:\/\/zen-it.hu\/en\/wp-json\/wp\/v2\/pages\/310","targetHints":{"allow":["GET"]}}],"collection":[{"href":"https:\/\/zen-it.hu\/en\/wp-json\/wp\/v2\/pages"}],"about":[{"href":"https:\/\/zen-it.hu\/en\/wp-json\/wp\/v2\/types\/page"}],"author":[{"embeddable":true,"href":"https:\/\/zen-it.hu\/en\/wp-json\/wp\/v2\/users\/1"}],"replies":[{"embeddable":true,"href":"https:\/\/zen-it.hu\/en\/wp-json\/wp\/v2\/comments?post=310"}],"version-history":[{"count":4,"href":"https:\/\/zen-it.hu\/en\/wp-json\/wp\/v2\/pages\/310\/revisions"}],"predecessor-version":[{"id":315,"href":"https:\/\/zen-it.hu\/en\/wp-json\/wp\/v2\/pages\/310\/revisions\/315"}],"wp:attachment":[{"href":"https:\/\/zen-it.hu\/en\/wp-json\/wp\/v2\/media?parent=310"}],"curies":[{"name":"wp","href":"https:\/\/api.w.org\/{rel}","templated":true}]}}